{"id":2644,"date":"2020-02-08T18:00:50","date_gmt":"2020-02-08T18:00:50","guid":{"rendered":"https:\/\/cco.ie\/wp\/?page_id=2644"},"modified":"2022-11-12T11:09:59","modified_gmt":"2022-11-12T11:09:59","slug":"2020-l2l-exchange","status":"publish","type":"page","link":"https:\/\/cco.ie\/wp\/2020-l2l-exchange\/","title":{"rendered":"2020 L2L Exchange"},"content":{"rendered":"<p>[et_pb_section fb_built=&#8221;1&#8243; fullwidth=&#8221;on&#8221; _builder_version=&#8221;4.16&#8243; global_colors_info=&#8221;{}&#8221;][et_pb_fullwidth_slider use_bg_overlay=&#8221;on&#8221; bg_overlay_color=&#8221;rgba(0,0,0,0.48)&#8221; _builder_version=&#8221;4.18.1&#8243; height=&#8221;439px&#8221; max_height=&#8221;500px&#8221; hover_enabled=&#8221;0&#8243; global_colors_info=&#8221;{}&#8221; sticky_enabled=&#8221;0&#8243; custom_padding=&#8221;0px||0px||false|false&#8221; custom_margin=&#8221;0px||||false|false&#8221;][et_pb_slide heading=&#8221;L2L Exchange&#8221; use_bg_overlay=&#8221;on&#8221; bg_overlay_color=&#8221;rgba(0,6,12,0.6)&#8221; _builder_version=&#8221;4.18.1&#8243; header_font=&#8221;Lato|||||on|||&#8221; body_line_height=&#8221;1.3em&#8221; background_enable_color=&#8221;off&#8221; background_image=&#8221;https:\/\/cco.ie\/wp\/wp-content\/uploads\/2020\/02\/american.jpeg&#8221; background_enable_image=&#8221;on&#8221; custom_padding=&#8221;129px||0px||false|false&#8221; hover_enabled=&#8221;0&#8243; header_text_shadow_style=&#8221;preset2&#8243; header_text_shadow_blur_strength=&#8221;0.95em&#8221; header_text_shadow_color=&#8221;#ffffff&#8221; global_colors_info=&#8221;{}&#8221; sticky_transition=&#8221;on&#8221; sticky_enabled=&#8221;0&#8243;]<\/p>\n<p>Col\u00e1iste Chiar\u00e1in, Limerick, Ireland &#8212; Spring Ford Area High School Pennsylvania. Student Exchange Programme.<\/p>\n<p>[\/et_pb_slide][\/et_pb_fullwidth_slider][\/et_pb_section][et_pb_section fb_built=&#8221;1&#8243; _builder_version=&#8221;4.16&#8243; global_colors_info=&#8221;{}&#8221;][et_pb_row _builder_version=&#8221;4.18.1&#8243; _module_preset=&#8221;default&#8221; border_color_all=&#8221;RGBA(255,255,255,0)&#8221; border_style_all=&#8221;none&#8221; hover_enabled=&#8221;0&#8243; sticky_enabled=&#8221;0&#8243;][et_pb_column _builder_version=&#8221;4.18.1&#8243; _module_preset=&#8221;default&#8221; type=&#8221;4_4&#8243;][et_pb_posts_blog_feed_masonry_agsdcm _builder_version=&#8221;4.18.1&#8243; _module_preset=&#8221;default&#8221; category_id=&#8221;21&#8243; posts_per_page=&#8221;15&#8243; show_author=&#8221;off&#8221; show_comments=&#8221;off&#8221; hover_enabled=&#8221;0&#8243; sticky_enabled=&#8221;0&#8243; hover_overlay_icon=&#8221;&#x54;||divi||400&#8243; title_letter_spacing=&#8221;1.4px&#8221; border_style_all=&#8221;none&#8221; box_shadow_style=&#8221;preset1&#8243;][\/et_pb_posts_blog_feed_masonry_agsdcm][\/et_pb_column][\/et_pb_row][et_pb_row _builder_version=&#8221;4.16&#8243; global_colors_info=&#8221;{}&#8221;][et_pb_column type=&#8221;4_4&#8243; _builder_version=&#8221;4.16&#8243; global_colors_info=&#8221;{}&#8221;][et_pb_posts_carousel_agsdcm category_id=&#8221;21&#8243; _builder_version=&#8221;4.16&#8243; global_colors_info=&#8221;{}&#8221;][\/et_pb_posts_carousel_agsdcm][\/et_pb_column][\/et_pb_row][\/et_pb_section][et_pb_section fb_built=&#8221;1&#8243; _builder_version=&#8221;4.16&#8243; global_colors_info=&#8221;{}&#8221;][et_pb_row _builder_version=&#8221;4.16&#8243; global_colors_info=&#8221;{}&#8221;][et_pb_column type=&#8221;4_4&#8243; _builder_version=&#8221;4.16&#8243; global_colors_info=&#8221;{}&#8221;][et_pb_posts_carousel_agsdcm category_id=&#8221;15&#8243; _builder_version=&#8221;4.16&#8243; global_colors_info=&#8221;{}&#8221;][\/et_pb_posts_carousel_agsdcm][\/et_pb_column][\/et_pb_row][\/et_pb_section][et_pb_section fb_built=&#8221;1&#8243; _builder_version=&#8221;4.16&#8243; background_enable_color=&#8221;off&#8221; use_background_color_gradient=&#8221;on&#8221; background_color_gradient_type=&#8221;circular&#8221; background_color_gradient_direction_radial=&#8221;top&#8221; background_color_gradient_stops=&#8221;#001b42 0%|#000000 51%&#8221; background_color_gradient_start=&#8221;#001b42&#8243; background_color_gradient_end=&#8221;#000000&#8243; background_color_gradient_end_position=&#8221;51%&#8221; min_height=&#8221;491.4px&#8221; background_color_gradient_stops_tablet=&#8221;#001b42 0%|#000000 51%&#8221; background_color_gradient_stops_phone=&#8221;#001b42 0%|#000000 51%&#8221; global_module=&#8221;883&#8243; saved_tabs=&#8221;all&#8221; global_colors_info=&#8221;{}&#8221;][et_pb_row _builder_version=&#8221;4.16&#8243; global_colors_info=&#8221;{}&#8221;][et_pb_column type=&#8221;4_4&#8243; _builder_version=&#8221;4.16&#8243; global_colors_info=&#8221;{}&#8221;][et_pb_text _builder_version=&#8221;4.16&#8243; global_colors_info=&#8221;{}&#8221;]<\/p>\n<p style=\"text-align: center;\">Col\u00e1iste Chiar\u00e1in is a co-educational secondary school operating under the patronage of Limerick and Clare Education and Training Board. <a href=\"http:\/\/www.lcetb.ie\">www.lcetb.ie<\/a><\/p>\n<p>[\/et_pb_text][\/et_pb_column][\/et_pb_row][et_pb_row column_structure=&#8221;1_3,1_3,1_3&#8243; _builder_version=&#8221;4.16&#8243; global_colors_info=&#8221;{}&#8221;][et_pb_column type=&#8221;1_3&#8243; _builder_version=&#8221;4.16&#8243; global_colors_info=&#8221;{}&#8221;][et_pb_text _builder_version=&#8221;4.16&#8243; global_colors_info=&#8221;{}&#8221;]<\/p>\n<h4>News &#8211; School Updates<\/h4>\n<p>In addition to our school website, please follow our school updates and activities on Twitter, Facebook and Instagram<\/p>\n<p>[\/et_pb_text][et_pb_social_media_follow _builder_version=&#8221;4.16&#8243; global_colors_info=&#8221;{}&#8221;][et_pb_social_media_follow_network social_network=&#8221;facebook&#8221; url=&#8221;https:\/\/www.facebook.com\/colaistechiarain\/&#8221; _builder_version=&#8221;4.16&#8243; background_color=&#8221;#3b5998&#8243; global_colors_info=&#8221;{}&#8221; follow_button=&#8221;off&#8221; url_new_window=&#8221;on&#8221;]facebook[\/et_pb_social_media_follow_network][et_pb_social_media_follow_network social_network=&#8221;twitter&#8221; url=&#8221;https:\/\/twitter.com\/colaiste&#8221; _builder_version=&#8221;4.16&#8243; background_color=&#8221;#00aced&#8221; global_colors_info=&#8221;{}&#8221; follow_button=&#8221;off&#8221; url_new_window=&#8221;on&#8221;]twitter[\/et_pb_social_media_follow_network][et_pb_social_media_follow_network social_network=&#8221;instagram&#8221; _builder_version=&#8221;4.16&#8243; background_color=&#8221;#ea2c59&#8243; global_colors_info=&#8221;{}&#8221; follow_button=&#8221;off&#8221; url_new_window=&#8221;on&#8221;]instagram[\/et_pb_social_media_follow_network][\/et_pb_social_media_follow][\/et_pb_column][et_pb_column type=&#8221;1_3&#8243; _builder_version=&#8221;4.16&#8243; global_colors_info=&#8221;{}&#8221;][et_pb_text _builder_version=&#8221;4.16&#8243; global_colors_info=&#8221;{}&#8221;]<\/p>\n<h4 style=\"text-align: center;\"><span>Contact Details<\/span><\/h4>\n<p style=\"text-align: center;\">Col\u00e1iste Chiar\u00e1in<\/p>\n<p style=\"text-align: center;\">High Street,\u00a0<span style=\"font-size: 14px;\">Croom, Co. Limerick<\/span><\/p>\n<p style=\"text-align: center;\">Tel: +00 353 61 397700<span style=\"font-size: 14px;\"><\/span><\/p>\n<p style=\"text-align: center;\">Email: admin@cco.ie<\/p>\n<p style=\"text-align: center;\"><span style=\"font-size: 14px;\"><\/span><\/p>\n<p>[\/et_pb_text][\/et_pb_column][et_pb_column type=&#8221;1_3&#8243; _builder_version=&#8221;4.16&#8243; global_colors_info=&#8221;{}&#8221;][et_pb_text _builder_version=&#8221;4.16&#8243; header_font=&#8221;Lato||||||||&#8221; header_4_font=&#8221;Lato||||||||&#8221; global_colors_info=&#8221;{}&#8221;]<\/p>\n<h4><span>Disclaimer<\/span><span><\/span><\/h4>\n<p><span>The contents of Col\u00e1iste Chiar\u00e1in&#8217;s web pages are provided as an information guide only.\u00a0<\/span><\/p>\n<div><span>While every effort is made in preparing material for publication, no responsibility is accepted by or on behalf of Col\u00e1iste Chiar\u00e1in for any errors, omissions or misleading statements on these pages or any site to which these pages connect.<\/span><\/div>\n<p>[\/et_pb_text][\/et_pb_column][\/et_pb_row][\/et_pb_section]<\/p>\n","protected":false},"excerpt":{"rendered":"<p>Col\u00e1iste Chiar\u00e1in, Limerick, Ireland &#8212; Spring Ford Area High School Pennsylvania. Student Exchange Programme.Col\u00e1iste Chiar\u00e1in is a co-educational secondary school operating under the patronage of Limerick and Clare Education and Training Board. www.lcetb.ieNews &#8211; School Updates In addition to our school website, please follow our school updates and activities on Twitter, Facebook and InstagramContact Details [&hellip;]<\/p>\n","protected":false},"author":1,"featured_media":0,"parent":0,"menu_order":0,"comment_status":"closed","ping_status":"closed","template":"","meta":{"_et_pb_use_builder":"on","_et_pb_old_content":"","_et_gb_content_width":"","footnotes":""},"class_list":["post-2644","page","type-page","status-publish","hentry"],"_links":{"self":[{"href":"https:\/\/cco.ie\/wp\/wp-json\/wp\/v2\/pages\/2644","targetHints":{"allow":["GET"]}}],"collection":[{"href":"https:\/\/cco.ie\/wp\/wp-json\/wp\/v2\/pages"}],"about":[{"href":"https:\/\/cco.ie\/wp\/wp-json\/wp\/v2\/types\/page"}],"author":[{"embeddable":true,"href":"https:\/\/cco.ie\/wp\/wp-json\/wp\/v2\/users\/1"}],"replies":[{"embeddable":true,"href":"https:\/\/cco.ie\/wp\/wp-json\/wp\/v2\/comments?post=2644"}],"version-history":[{"count":8,"href":"https:\/\/cco.ie\/wp\/wp-json\/wp\/v2\/pages\/2644\/revisions"}],"predecessor-version":[{"id":6470,"href":"https:\/\/cco.ie\/wp\/wp-json\/wp\/v2\/pages\/2644\/revisions\/6470"}],"wp:attachment":[{"href":"https:\/\/cco.ie\/wp\/wp-json\/wp\/v2\/media?parent=2644"}],"curies":[{"name":"wp","href":"https:\/\/api.w.org\/{rel}","templated":true}]}}